{"id":2,"date":"2022-07-04T15:35:52","date_gmt":"2022-07-04T15:35:52","guid":{"rendered":"https:\/\/www.nostalgic-chebyshev.5-9-104-236.plesk.page\/?page_id=2"},"modified":"2022-10-24T06:33:44","modified_gmt":"2022-10-24T06:33:44","slug":"sample-page","status":"publish","type":"page","link":"https:\/\/www.zimmerei-dethlefsen.de\/","title":{"rendered":"Zimmerei Dethlefsen"},"content":{"rendered":"\n<h2 class=\"wp-block-heading\">Zimmerei Dethlefsen<\/h2>\n\n\n\n<p>Zimmerei Dethlefsen &#8211; Ihr Partner in Fragen Holz und Handwerk!<\/p>\n\n\n\n<p>Stefan Dethlefsen<br>Holmweg 33<br>25842 Langenhorn<\/p>\n\n\n\n<p>Tel. 04672 &#8211; 776 97 51<br>Mail info@zimmerei-dethlefsen.de<\/p>\n\n\n\n<h2 class=\"wp-block-heading\">Leistungen der Zimmerei Dethlefsen<\/h2>\n\n\n\n<ul class=\"wp-block-list\"><li>Carports<\/li><li>Dachsanierungen<\/li><li>Dachst\u00fchle<\/li><li>Dachgauben<\/li><li>Hallenbau<\/li><li>Innenausbau<\/li><\/ul>\n\n\n\n<div class=\"wp-block-columns is-layout-flex wp-container-core-columns-is-layout-9d6595d7 wp-block-columns-is-layout-flex\">\n<div class=\"wp-block-column is-layout-flow wp-block-column-is-layout-flow\">\n<figure class=\"wp-block-image size-large\"><img loading=\"lazy\" decoding=\"async\" width=\"1024\" height=\"683\" src=\"https:\/\/www.zimmerei-dethlefsen.de\/wp-content\/uploads\/2022\/10\/Carports-Zimmerei-Dethlefsen-Leistungen-1024x683.jpg\" alt=\"Carports von Zimmerei Dethlefsen\" class=\"wp-image-321\" srcset=\"https:\/\/www.zimmerei-dethlefsen.de\/wp-content\/uploads\/2022\/10\/Carports-Zimmerei-Dethlefsen-Leistungen-1024x683.jpg 1024w, https:\/\/www.zimmerei-dethlefsen.de\/wp-content\/uploads\/2022\/10\/Carports-Zimmerei-Dethlefsen-Leistungen-300x200.jpg 300w, https:\/\/www.zimmerei-dethlefsen.de\/wp-content\/uploads\/2022\/10\/Carports-Zimmerei-Dethlefsen-Leistungen-768x512.jpg 768w, https:\/\/www.zimmerei-dethlefsen.de\/wp-content\/uploads\/2022\/10\/Carports-Zimmerei-Dethlefsen-Leistungen-1536x1024.jpg 1536w, https:\/\/www.zimmerei-dethlefsen.de\/wp-content\/uploads\/2022\/10\/Carports-Zimmerei-Dethlefsen-Leistungen.jpg 1927w\" sizes=\"auto, (max-width: 1024px) 100vw, 1024px\" \/><\/figure>\n\n\n\n<h3 class=\"wp-block-heading\">Carports<\/h3>\n\n\n\n<p>Ein Carport von  sch\u00fctzt Ihr Auto vor zahlreichen Wettereinfl\u00fcssen. So ersparen Sie sich im Winter die Zeit f\u00fcrs Eiskratzen und gehen kein Risiko mehr ein, dass Hagel oder herabfallende \u00c4ste Beulen im Dach und somit unn\u00f6tige Kosten hinterlassen.<\/p>\n<\/div>\n\n\n\n<div class=\"wp-block-column is-layout-flow wp-block-column-is-layout-flow\">\n<figure class=\"wp-block-image size-large\"><img loading=\"lazy\" decoding=\"async\" width=\"1024\" height=\"683\" src=\"https:\/\/www.zimmerei-dethlefsen.de\/wp-content\/uploads\/2022\/08\/Zimmerei-Dethlefsen-Langenhorn-27-1024x683.jpg\" alt=\"Dachsanierungen mit Zimmerei Dethlefsen\" class=\"wp-image-42\" srcset=\"https:\/\/www.zimmerei-dethlefsen.de\/wp-content\/uploads\/2022\/08\/Zimmerei-Dethlefsen-Langenhorn-27-1024x683.jpg 1024w, https:\/\/www.zimmerei-dethlefsen.de\/wp-content\/uploads\/2022\/08\/Zimmerei-Dethlefsen-Langenhorn-27-300x200.jpg 300w, https:\/\/www.zimmerei-dethlefsen.de\/wp-content\/uploads\/2022\/08\/Zimmerei-Dethlefsen-Langenhorn-27-768x512.jpg 768w, https:\/\/www.zimmerei-dethlefsen.de\/wp-content\/uploads\/2022\/08\/Zimmerei-Dethlefsen-Langenhorn-27.jpg 1500w\" sizes=\"auto, (max-width: 1024px) 100vw, 1024px\" \/><\/figure>\n\n\n\n<h3 class=\"wp-block-heading\">Dachsanierungen<\/h3>\n\n\n\n<p>Alte Geb\u00e4ude liegen der Zimmerei Dethlefsen genauso am Herzen wie neue Projekte. In die Jahre gekommene D\u00e4cher bringen das Risiko mit sich, dass Feuchtigkeit durch undichte Stellen gelangt oder unzureichend ged\u00e4mmte Dachst\u00fchle hohe Heizkosten verursachen.<\/p>\n<\/div>\n\n\n\n<div class=\"wp-block-column is-layout-flow wp-block-column-is-layout-flow\">\n<figure class=\"wp-block-image size-large\"><img loading=\"lazy\" decoding=\"async\" width=\"1024\" height=\"683\" src=\"https:\/\/www.zimmerei-dethlefsen.de\/wp-content\/uploads\/2022\/10\/Dachstuehle-Zimmerei-Dethlefsen-Leistungen-1024x683.jpg\" alt=\"Dachst\u00fchle\" class=\"wp-image-322\" srcset=\"https:\/\/www.zimmerei-dethlefsen.de\/wp-content\/uploads\/2022\/10\/Dachstuehle-Zimmerei-Dethlefsen-Leistungen-1024x683.jpg 1024w, https:\/\/www.zimmerei-dethlefsen.de\/wp-content\/uploads\/2022\/10\/Dachstuehle-Zimmerei-Dethlefsen-Leistungen-300x200.jpg 300w, https:\/\/www.zimmerei-dethlefsen.de\/wp-content\/uploads\/2022\/10\/Dachstuehle-Zimmerei-Dethlefsen-Leistungen-768x512.jpg 768w, https:\/\/www.zimmerei-dethlefsen.de\/wp-content\/uploads\/2022\/10\/Dachstuehle-Zimmerei-Dethlefsen-Leistungen-1536x1024.jpg 1536w, https:\/\/www.zimmerei-dethlefsen.de\/wp-content\/uploads\/2022\/10\/Dachstuehle-Zimmerei-Dethlefsen-Leistungen.jpg 2016w\" sizes=\"auto, (max-width: 1024px) 100vw, 1024px\" \/><\/figure>\n\n\n\n<h3 class=\"wp-block-heading\">Dachst\u00fchle<\/h3>\n\n\n\n<p>Der Dachstuhl ist das Tragwerk eines Daches. F\u00fcr die Konstruktion verwende ich meist Holz, da dies im Vergleich zu anderen Materialien ein geringes Eigengewicht besitzt, jedoch mit einer enormen Tragf\u00e4higkeit punktet.<\/p>\n<\/div>\n<\/div>\n\n\n\n<div class=\"wp-block-columns is-layout-flex wp-container-core-columns-is-layout-9d6595d7 wp-block-columns-is-layout-flex\">\n<div class=\"wp-block-column is-layout-flow wp-block-column-is-layout-flow\">\n<figure class=\"wp-block-image size-full\"><img loading=\"lazy\" decoding=\"async\" width=\"930\" height=\"621\" src=\"https:\/\/www.zimmerei-dethlefsen.de\/wp-content\/uploads\/2022\/08\/Dachgaube.jpg\" alt=\"Dachgauben\" class=\"wp-image-103\" srcset=\"https:\/\/www.zimmerei-dethlefsen.de\/wp-content\/uploads\/2022\/08\/Dachgaube.jpg 930w, https:\/\/www.zimmerei-dethlefsen.de\/wp-content\/uploads\/2022\/08\/Dachgaube-300x200.jpg 300w, https:\/\/www.zimmerei-dethlefsen.de\/wp-content\/uploads\/2022\/08\/Dachgaube-768x513.jpg 768w\" sizes=\"auto, (max-width: 930px) 100vw, 930px\" \/><\/figure>\n\n\n\n<h3 class=\"wp-block-heading\">Dachgauben<\/h3>\n\n\n\n<p>Gauben sind gleicherma\u00dfen funktionale als auch optische Bauerweiterungselemente. Durch den Aufbau erzielt man mehr Wohnraum, zus\u00e4tzliches Tageslicht und optische Akzente, die Ihr Haus aufwerten und individueller gestalten.<\/p>\n<\/div>\n\n\n\n<div class=\"wp-block-column is-layout-flow wp-block-column-is-layout-flow\">\n<figure class=\"wp-block-image size-large\"><img loading=\"lazy\" decoding=\"async\" width=\"1024\" height=\"683\" src=\"https:\/\/www.zimmerei-dethlefsen.de\/wp-content\/uploads\/2022\/10\/Hallenbau-Zimmerei-Dethlefsen-Leistungen-1024x683.jpg\" alt=\"Hallenbau\" class=\"wp-image-323\" srcset=\"https:\/\/www.zimmerei-dethlefsen.de\/wp-content\/uploads\/2022\/10\/Hallenbau-Zimmerei-Dethlefsen-Leistungen-1024x683.jpg 1024w, https:\/\/www.zimmerei-dethlefsen.de\/wp-content\/uploads\/2022\/10\/Hallenbau-Zimmerei-Dethlefsen-Leistungen-300x200.jpg 300w, https:\/\/www.zimmerei-dethlefsen.de\/wp-content\/uploads\/2022\/10\/Hallenbau-Zimmerei-Dethlefsen-Leistungen-768x512.jpg 768w, https:\/\/www.zimmerei-dethlefsen.de\/wp-content\/uploads\/2022\/10\/Hallenbau-Zimmerei-Dethlefsen-Leistungen-1536x1025.jpg 1536w, https:\/\/www.zimmerei-dethlefsen.de\/wp-content\/uploads\/2022\/10\/Hallenbau-Zimmerei-Dethlefsen-Leistungen.jpg 1970w\" sizes=\"auto, (max-width: 1024px) 100vw, 1024px\" \/><\/figure>\n\n\n\n<h3 class=\"wp-block-heading\">Hallenbau<\/h3>\n\n\n\n<p>Ob B\u00fcrogeb\u00e4ude, Veranstaltungsr\u00e4ume, Maschinenhallen, Lagerhallen, Produktionshallen oder St\u00e4lle \u2013  dem Holzbau sind in seiner Ausf\u00fchrung keine Grenzen gesetzt. Ich <a href=\"https:\/\/www.zimmerei-dethlefsen.de\/?customize_changeset_uuid=ddb81424-0456-4e03-959f-2a1388afe4e0&amp;customize_autosaved=on&amp;customize_messenger_channel=preview-4#contact\">berate<\/a>\u00a0Sie gerne!<\/p>\n<\/div>\n\n\n\n<div class=\"wp-block-column is-layout-flow wp-block-column-is-layout-flow\">\n<figure class=\"wp-block-image size-large\"><img loading=\"lazy\" decoding=\"async\" width=\"1024\" height=\"683\" src=\"https:\/\/www.zimmerei-dethlefsen.de\/wp-content\/uploads\/2022\/10\/Innenausbau-Zimmerei-Dethlefsen-Leistungen-1024x683.jpg\" alt=\"Innenausbau\" class=\"wp-image-324\" srcset=\"https:\/\/www.zimmerei-dethlefsen.de\/wp-content\/uploads\/2022\/10\/Innenausbau-Zimmerei-Dethlefsen-Leistungen-1024x683.jpg 1024w, https:\/\/www.zimmerei-dethlefsen.de\/wp-content\/uploads\/2022\/10\/Innenausbau-Zimmerei-Dethlefsen-Leistungen-300x200.jpg 300w, https:\/\/www.zimmerei-dethlefsen.de\/wp-content\/uploads\/2022\/10\/Innenausbau-Zimmerei-Dethlefsen-Leistungen-768x512.jpg 768w, https:\/\/www.zimmerei-dethlefsen.de\/wp-content\/uploads\/2022\/10\/Innenausbau-Zimmerei-Dethlefsen-Leistungen-1536x1024.jpg 1536w, https:\/\/www.zimmerei-dethlefsen.de\/wp-content\/uploads\/2022\/10\/Innenausbau-Zimmerei-Dethlefsen-Leistungen.jpg 2016w\" sizes=\"auto, (max-width: 1024px) 100vw, 1024px\" \/><\/figure>\n\n\n\n<h3 class=\"wp-block-heading\">Innenausbau<\/h3>\n\n\n\n<p>Der Innenausbau ist ein grundlegender Teil beim Hausbau oder der Sanierung. Innenausbau umfasst im wesentlichen die Ausbauarbeiten der Innenr\u00e4ume wie die Wandbekleidung, Deckenverkleidung und Fu\u00dfbodenbel\u00e4ge.<\/p>\n<\/div>\n<\/div>\n\n\n\n<p>Gestaltung und Bilder:<\/p>\n\n\n\n<p>wat\u00b4n design<\/p>\n\n\n\n<p><a href=\"http:\/\/www.watndesign.de\" target=\"_blank\" rel=\"noreferrer noopener\">www.watndesign.de<\/a><\/p>\n","protected":false},"excerpt":{"rendered":"<p>Zimmerei Dethlefsen Zimmerei Dethlefsen &#8211; Ihr Partner in Fragen Holz und Handwerk! Stefan DethlefsenHolmweg 3325842 Langenhorn Tel. 04672 &#8211; 776 97 51Mail info@zimmerei-dethlefsen.de Leistungen der Zimmerei Dethlefsen Carports Dachsanierungen Dachst\u00fchle &#8230;<\/p>\n","protected":false},"author":1,"featured_media":0,"parent":0,"menu_order":0,"comment_status":"closed","ping_status":"open","template":"template-frontpage.php","meta":{"footnotes":""},"class_list":["post-2","page","type-page","status-publish","hentry"],"yoast_head":"<!-- This site is optimized with the Yoast SEO plugin v27.4 - https:\/\/yoast.com\/product\/yoast-seo-wordpress\/ -->\n<title>Zimmerei Dethlefsen - Ihr Partner in Fragen Holz und Handwerk<\/title>\n<meta name=\"description\" content=\"Zimmerei Dethlefsen - Ihr Partner in Fragen Holz und Handwerk! Wir stehen f\u00fcr pers\u00f6nliche Beratung, Kompetenz und Zuverl\u00e4ssigkeit.\" \/>\n<meta name=\"robots\" content=\"index, follow, max-snippet:-1, max-image-preview:large, max-video-preview:-1\" \/>\n<link rel=\"canonical\" href=\"https:\/\/www.zimmerei-dethlefsen.de\/\" \/>\n<meta property=\"og:locale\" content=\"de_DE\" \/>\n<meta property=\"og:type\" content=\"article\" \/>\n<meta property=\"og:title\" content=\"Zimmerei Dethlefsen - Ihr Partner in Fragen Holz und Handwerk\" \/>\n<meta property=\"og:description\" content=\"Zimmerei Dethlefsen - Ihr Partner in Fragen Holz und Handwerk! Wir stehen f\u00fcr pers\u00f6nliche Beratung, Kompetenz und Zuverl\u00e4ssigkeit.\" \/>\n<meta property=\"og:url\" content=\"https:\/\/www.zimmerei-dethlefsen.de\/\" \/>\n<meta property=\"og:site_name\" content=\"Zimmerei Dethlefsen\" \/>\n<meta property=\"article:modified_time\" content=\"2022-10-24T06:33:44+00:00\" \/>\n<meta property=\"og:image\" content=\"https:\/\/www.zimmerei-dethlefsen.de\/wp-content\/uploads\/2022\/10\/Carports-Zimmerei-Dethlefsen-Leistungen-1024x683.jpg\" \/>\n<meta name=\"twitter:card\" content=\"summary_large_image\" \/>\n<meta name=\"twitter:label1\" content=\"Gesch\u00e4tzte Lesezeit\" \/>\n\t<meta name=\"twitter:data1\" content=\"3\u00a0Minuten\" \/>\n<script type=\"application\/ld+json\" class=\"yoast-schema-graph\">{\"@context\":\"https:\\\/\\\/schema.org\",\"@graph\":[{\"@type\":\"WebPage\",\"@id\":\"https:\\\/\\\/www.zimmerei-dethlefsen.de\\\/\",\"url\":\"https:\\\/\\\/www.zimmerei-dethlefsen.de\\\/\",\"name\":\"Zimmerei Dethlefsen - Ihr Partner in Fragen Holz und Handwerk\",\"isPartOf\":{\"@id\":\"https:\\\/\\\/www.zimmerei-dethlefsen.de\\\/#website\"},\"primaryImageOfPage\":{\"@id\":\"https:\\\/\\\/www.zimmerei-dethlefsen.de\\\/#primaryimage\"},\"image\":{\"@id\":\"https:\\\/\\\/www.zimmerei-dethlefsen.de\\\/#primaryimage\"},\"thumbnailUrl\":\"https:\\\/\\\/www.zimmerei-dethlefsen.de\\\/wp-content\\\/uploads\\\/2022\\\/10\\\/Carports-Zimmerei-Dethlefsen-Leistungen-1024x683.jpg\",\"datePublished\":\"2022-07-04T15:35:52+00:00\",\"dateModified\":\"2022-10-24T06:33:44+00:00\",\"description\":\"Zimmerei Dethlefsen - Ihr Partner in Fragen Holz und Handwerk! Wir stehen f\u00fcr pers\u00f6nliche Beratung, Kompetenz und Zuverl\u00e4ssigkeit.\",\"breadcrumb\":{\"@id\":\"https:\\\/\\\/www.zimmerei-dethlefsen.de\\\/#breadcrumb\"},\"inLanguage\":\"de\",\"potentialAction\":[{\"@type\":\"ReadAction\",\"target\":[\"https:\\\/\\\/www.zimmerei-dethlefsen.de\\\/\"]}]},{\"@type\":\"ImageObject\",\"inLanguage\":\"de\",\"@id\":\"https:\\\/\\\/www.zimmerei-dethlefsen.de\\\/#primaryimage\",\"url\":\"https:\\\/\\\/www.zimmerei-dethlefsen.de\\\/wp-content\\\/uploads\\\/2022\\\/10\\\/Carports-Zimmerei-Dethlefsen-Leistungen.jpg\",\"contentUrl\":\"https:\\\/\\\/www.zimmerei-dethlefsen.de\\\/wp-content\\\/uploads\\\/2022\\\/10\\\/Carports-Zimmerei-Dethlefsen-Leistungen.jpg\",\"width\":1927,\"height\":1285},{\"@type\":\"BreadcrumbList\",\"@id\":\"https:\\\/\\\/www.zimmerei-dethlefsen.de\\\/#breadcrumb\",\"itemListElement\":[{\"@type\":\"ListItem\",\"position\":1,\"name\":\"Startseite\",\"item\":\"https:\\\/\\\/www.zimmerei-dethlefsen.de\\\/\"},{\"@type\":\"ListItem\",\"position\":2,\"name\":\"Zimmerei Dethlefsen\"}]},{\"@type\":\"WebSite\",\"@id\":\"https:\\\/\\\/www.zimmerei-dethlefsen.de\\\/#website\",\"url\":\"https:\\\/\\\/www.zimmerei-dethlefsen.de\\\/\",\"name\":\"Zimmerei Dethlefsen\",\"description\":\"Langenhorn\",\"publisher\":{\"@id\":\"https:\\\/\\\/www.zimmerei-dethlefsen.de\\\/#organization\"},\"potentialAction\":[{\"@type\":\"SearchAction\",\"target\":{\"@type\":\"EntryPoint\",\"urlTemplate\":\"https:\\\/\\\/www.zimmerei-dethlefsen.de\\\/?s={search_term_string}\"},\"query-input\":{\"@type\":\"PropertyValueSpecification\",\"valueRequired\":true,\"valueName\":\"search_term_string\"}}],\"inLanguage\":\"de\"},{\"@type\":\"Organization\",\"@id\":\"https:\\\/\\\/www.zimmerei-dethlefsen.de\\\/#organization\",\"name\":\"Zimmerei Dethlefsen\",\"url\":\"https:\\\/\\\/www.zimmerei-dethlefsen.de\\\/\",\"logo\":{\"@type\":\"ImageObject\",\"inLanguage\":\"de\",\"@id\":\"https:\\\/\\\/www.zimmerei-dethlefsen.de\\\/#\\\/schema\\\/logo\\\/image\\\/\",\"url\":\"https:\\\/\\\/www.zimmerei-dethlefsen.de\\\/wp-content\\\/uploads\\\/2022\\\/08\\\/Logo-e1659604072718.jpg\",\"contentUrl\":\"https:\\\/\\\/www.zimmerei-dethlefsen.de\\\/wp-content\\\/uploads\\\/2022\\\/08\\\/Logo-e1659604072718.jpg\",\"width\":200,\"height\":172,\"caption\":\"Zimmerei Dethlefsen\"},\"image\":{\"@id\":\"https:\\\/\\\/www.zimmerei-dethlefsen.de\\\/#\\\/schema\\\/logo\\\/image\\\/\"}}]}<\/script>\n<!-- \/ Yoast SEO plugin. -->","yoast_head_json":{"title":"Zimmerei Dethlefsen - Ihr Partner in Fragen Holz und Handwerk","description":"Zimmerei Dethlefsen - Ihr Partner in Fragen Holz und Handwerk! Wir stehen f\u00fcr pers\u00f6nliche Beratung, Kompetenz und Zuverl\u00e4ssigkeit.","robots":{"index":"index","follow":"follow","max-snippet":"max-snippet:-1","max-image-preview":"max-image-preview:large","max-video-preview":"max-video-preview:-1"},"canonical":"https:\/\/www.zimmerei-dethlefsen.de\/","og_locale":"de_DE","og_type":"article","og_title":"Zimmerei Dethlefsen - Ihr Partner in Fragen Holz und Handwerk","og_description":"Zimmerei Dethlefsen - Ihr Partner in Fragen Holz und Handwerk! Wir stehen f\u00fcr pers\u00f6nliche Beratung, Kompetenz und Zuverl\u00e4ssigkeit.","og_url":"https:\/\/www.zimmerei-dethlefsen.de\/","og_site_name":"Zimmerei Dethlefsen","article_modified_time":"2022-10-24T06:33:44+00:00","og_image":[{"url":"https:\/\/www.zimmerei-dethlefsen.de\/wp-content\/uploads\/2022\/10\/Carports-Zimmerei-Dethlefsen-Leistungen-1024x683.jpg","type":"","width":"","height":""}],"twitter_card":"summary_large_image","twitter_misc":{"Gesch\u00e4tzte Lesezeit":"3\u00a0Minuten"},"schema":{"@context":"https:\/\/schema.org","@graph":[{"@type":"WebPage","@id":"https:\/\/www.zimmerei-dethlefsen.de\/","url":"https:\/\/www.zimmerei-dethlefsen.de\/","name":"Zimmerei Dethlefsen - Ihr Partner in Fragen Holz und Handwerk","isPartOf":{"@id":"https:\/\/www.zimmerei-dethlefsen.de\/#website"},"primaryImageOfPage":{"@id":"https:\/\/www.zimmerei-dethlefsen.de\/#primaryimage"},"image":{"@id":"https:\/\/www.zimmerei-dethlefsen.de\/#primaryimage"},"thumbnailUrl":"https:\/\/www.zimmerei-dethlefsen.de\/wp-content\/uploads\/2022\/10\/Carports-Zimmerei-Dethlefsen-Leistungen-1024x683.jpg","datePublished":"2022-07-04T15:35:52+00:00","dateModified":"2022-10-24T06:33:44+00:00","description":"Zimmerei Dethlefsen - Ihr Partner in Fragen Holz und Handwerk! Wir stehen f\u00fcr pers\u00f6nliche Beratung, Kompetenz und Zuverl\u00e4ssigkeit.","breadcrumb":{"@id":"https:\/\/www.zimmerei-dethlefsen.de\/#breadcrumb"},"inLanguage":"de","potentialAction":[{"@type":"ReadAction","target":["https:\/\/www.zimmerei-dethlefsen.de\/"]}]},{"@type":"ImageObject","inLanguage":"de","@id":"https:\/\/www.zimmerei-dethlefsen.de\/#primaryimage","url":"https:\/\/www.zimmerei-dethlefsen.de\/wp-content\/uploads\/2022\/10\/Carports-Zimmerei-Dethlefsen-Leistungen.jpg","contentUrl":"https:\/\/www.zimmerei-dethlefsen.de\/wp-content\/uploads\/2022\/10\/Carports-Zimmerei-Dethlefsen-Leistungen.jpg","width":1927,"height":1285},{"@type":"BreadcrumbList","@id":"https:\/\/www.zimmerei-dethlefsen.de\/#breadcrumb","itemListElement":[{"@type":"ListItem","position":1,"name":"Startseite","item":"https:\/\/www.zimmerei-dethlefsen.de\/"},{"@type":"ListItem","position":2,"name":"Zimmerei Dethlefsen"}]},{"@type":"WebSite","@id":"https:\/\/www.zimmerei-dethlefsen.de\/#website","url":"https:\/\/www.zimmerei-dethlefsen.de\/","name":"Zimmerei Dethlefsen","description":"Langenhorn","publisher":{"@id":"https:\/\/www.zimmerei-dethlefsen.de\/#organization"},"potentialAction":[{"@type":"SearchAction","target":{"@type":"EntryPoint","urlTemplate":"https:\/\/www.zimmerei-dethlefsen.de\/?s={search_term_string}"},"query-input":{"@type":"PropertyValueSpecification","valueRequired":true,"valueName":"search_term_string"}}],"inLanguage":"de"},{"@type":"Organization","@id":"https:\/\/www.zimmerei-dethlefsen.de\/#organization","name":"Zimmerei Dethlefsen","url":"https:\/\/www.zimmerei-dethlefsen.de\/","logo":{"@type":"ImageObject","inLanguage":"de","@id":"https:\/\/www.zimmerei-dethlefsen.de\/#\/schema\/logo\/image\/","url":"https:\/\/www.zimmerei-dethlefsen.de\/wp-content\/uploads\/2022\/08\/Logo-e1659604072718.jpg","contentUrl":"https:\/\/www.zimmerei-dethlefsen.de\/wp-content\/uploads\/2022\/08\/Logo-e1659604072718.jpg","width":200,"height":172,"caption":"Zimmerei Dethlefsen"},"image":{"@id":"https:\/\/www.zimmerei-dethlefsen.de\/#\/schema\/logo\/image\/"}}]}},"_links":{"self":[{"href":"https:\/\/www.zimmerei-dethlefsen.de\/index.php\/wp-json\/wp\/v2\/pages\/2","targetHints":{"allow":["GET"]}}],"collection":[{"href":"https:\/\/www.zimmerei-dethlefsen.de\/index.php\/wp-json\/wp\/v2\/pages"}],"about":[{"href":"https:\/\/www.zimmerei-dethlefsen.de\/index.php\/wp-json\/wp\/v2\/types\/page"}],"author":[{"embeddable":true,"href":"https:\/\/www.zimmerei-dethlefsen.de\/index.php\/wp-json\/wp\/v2\/users\/1"}],"replies":[{"embeddable":true,"href":"https:\/\/www.zimmerei-dethlefsen.de\/index.php\/wp-json\/wp\/v2\/comments?post=2"}],"version-history":[{"count":3,"href":"https:\/\/www.zimmerei-dethlefsen.de\/index.php\/wp-json\/wp\/v2\/pages\/2\/revisions"}],"predecessor-version":[{"id":345,"href":"https:\/\/www.zimmerei-dethlefsen.de\/index.php\/wp-json\/wp\/v2\/pages\/2\/revisions\/345"}],"wp:attachment":[{"href":"https:\/\/www.zimmerei-dethlefsen.de\/index.php\/wp-json\/wp\/v2\/media?parent=2"}],"curies":[{"name":"wp","href":"https:\/\/api.w.org\/{rel}","templated":true}]}}